{"id":75527,"date":"2021-03-31T16:13:58","date_gmt":"2021-03-31T14:13:58","guid":{"rendered":"https:\/\/akeance.com\/conditions-generales-dutilisation\/"},"modified":"2025-10-23T10:23:08","modified_gmt":"2025-10-23T08:23:08","slug":"conditions-of-use","status":"publish","type":"page","link":"https:\/\/akeance.com\/en\/conditions-of-use\/","title":{"rendered":"Conditions of use"},"content":{"rendered":"\t\t<div data-elementor-type=\"wp-page\" data-elementor-id=\"75527\" class=\"elementor elementor-75527 elementor-1534\" data-elementor-post-type=\"page\">\n\t\t\t\t<div class=\"elementor-element elementor-element-78bbf765 e-flex e-con-boxed e-con e-parent\" data-id=\"78bbf765\" data-element_type=\"container\" data-e-type=\"container\">\n\t\t\t\t\t<div class=\"e-con-inner\">\n\t\t\t\t<div class=\"elementor-element elementor-element-d2bd798 elementor-widget elementor-widget-heading\" data-id=\"d2bd798\" data-element_type=\"widget\" data-e-type=\"widget\" data-widget_type=\"heading.default\">\n\t\t\t\t\t<h1 class=\"elementor-heading-title elementor-size-default\">Conditions of use<\/h1>\t\t\t\t<\/div>\n\t\t\t\t<div class=\"elementor-element elementor-element-24c272ae elementor-widget elementor-widget-text-editor\" data-id=\"24c272ae\" data-element_type=\"widget\" data-e-type=\"widget\" data-widget_type=\"text-editor.default\">\n\t\t\t\t\t\t\t\t\t<p><\/p>\n<p><strong>AKEANCE CONSULTING<\/strong><\/p>\n<p><\/p>\n<p><\/p>\n<p>La soci\u00e9t\u00e9 AKEANCE CONSULTING, soci\u00e9t\u00e9 par actions simplifi\u00e9e immatricul\u00e9e au Registre du Commerce et des Soci\u00e9t\u00e9s de Paris sous le num\u00e9ro 478 182 538, dont le si\u00e8ge social est situ\u00e9, 11 bis, rue Portalis, 75008, \u00e0 Paris est l\u2019\u00e9diteur et propri\u00e9taire (ci-apr\u00e8s \u00ab AKEANCE CONSULTING \u00bb) des droits patrimoniaux du site internet ainsi que de l\u2019ensemble des services en ligne accessibles \u00e0 partir du nom de domaine &lt;akeance.com&gt; (ci-apr\u00e8s le \u00ab Site \u00bb).<\/p>\n<p><\/p>\n<p><\/p>\n<p>Les pr\u00e9sentes conditions g\u00e9n\u00e9rales d\u2019utilisation (ci-apr\u00e8s les \u00ab CGU \u00bb) sont destin\u00e9es \u00e0 l\u2019utilisateur du Site (Voir Mentions L\u00e9gales) qui, au sens des pr\u00e9sentes, est d\u00e9sign\u00e9 comme toute personne physique utilisant le Site (ci-apr\u00e8s les \u00ab Utilisateurs \u00bb et\/ou individuellement l\u2019 \u00ab Utilisateur \u00bb).<\/p>\n<p><\/p>\n<p><\/p>\n<ol>\n<li><strong>OBJET DES CGU<\/strong><\/li>\n<\/ol>\n<p><\/p>\n<p><\/p>\n<p>Les CGU ont pour objet de d\u00e9finir les conditions dans lesquelles l\u2019Utilisateur est autoris\u00e9 par AKEANCE CONSULTING \u00e0 acc\u00e9der et \u00e0 utiliser le Site ainsi que tous les contenus, outils, services, fonctionnalit\u00e9s et informations mis \u00e0 disposition sur le Site \u00e0 la seule discr\u00e9tion de AKEANCE CONSULTING, et qui sont et demeurent la propri\u00e9t\u00e9 exclusive de AKEANCE CONSULTING.<\/p>\n<p><\/p>\n<p><\/p>\n<p>La consultation du Site est subordonn\u00e9e \u00e0 l\u2019acceptation, sans r\u00e9serve, des pr\u00e9sentes CGU par l\u2019Utilisateur. AKEANCE CONSULTING se r\u00e9serve le droit de modifier les pr\u00e9sentes \u00e0 tout moment sans notification. AKEANCE CONSULTING se r\u00e9serve \u00e9galement le droit d\u2019exercer tous recours, en cas de violation des pr\u00e9sentes CGU.  <\/p>\n<p><\/p>\n<p><\/p>\n<ol start=\"2\">\n<li><strong>OBJET DU SITE<\/strong><\/li>\n<\/ol>\n<p><\/p>\n<p><\/p>\n<p>AKEANCE CONSULTING est un cabinet de conseil d\u2019une soixantaine de consultants, qui s\u2019est cr\u00e9\u00e9 autour d\u2019une volont\u00e9 partag\u00e9e de proposer une offre de conseil qui rende op\u00e9rationnelle la strat\u00e9gie de l\u2019entreprise.<\/p>\n<p><\/p>\n<p><\/p>\n<p>A ce titre, le Site de AKEANCE CONSULTING a pour objet d\u2019informer l\u2019Utilisateur sur ses activit\u00e9s, missions, clients et comp\u00e9tences (ci-apr\u00e8s les \u00ab Services \u00bb).<\/p>\n<p><\/p>\n<p><\/p>\n<p>Le Site propose \u00e0 l\u2019Utilisateur de pouvoir entrer en contact avec AKEANCE CONSULTING afin de :<\/p>\n<p><\/p>\n<p><\/p>\n<ul>\n<li>Obtenir plus d\u2019informations sur les Services ;<\/li>\n<li>R\u00e9pondre \u00e0 une offre d\u2019emploi directement post\u00e9e par AKEANCE CONSULTING ;<\/li>\n<li>Formuler une candidature spontan\u00e9e.<br><br><\/li>\n<\/ul>\n<p><\/p>\n<p><\/p>\n<ol start=\"3\">\n<li><strong>CONDITIONS ET MODALITES D\u2019ACCES DU SITE<\/strong><\/li>\n<\/ol>\n<p><\/p>\n<p><\/p>\n<p>La consultation du Site est gratuite. L\u2019Utilisateur peut communiquer librement ses informations via le module \u00ab Nous contacter \u00bb conform\u00e9ment \u00e0 la Politique de Confidentialit\u00e9. <\/p>\n<p><\/p>\n<p><\/p>\n<ol start=\"4\">\n<li><strong>DISPONIBILITE DU SITE<\/strong><\/li>\n<\/ol>\n<p><\/p>\n<p><\/p>\n<p>Le Site est disponible 7 jours sur 7, 24h sur 24h.<\/p>\n<p><\/p>\n<p><\/p>\n<p>AKEANCE CONSULTING se r\u00e9serve la facult\u00e9 de faire \u00e9voluer, de modifier ou de suspendre, sans pr\u00e9avis, l\u2019acc\u00e8s au Site pour des raisons de maintenance ou pour tout autre motif l\u00e9gitime AKEANCE CONSULTING peut, sans pr\u00e9avis ni indemnit\u00e9 de quelle que nature qu\u2019elle soit, suspendre l\u2019acc\u00e8s au Site, en cas d\u2019urgence appr\u00e9ci\u00e9e discr\u00e9tionnairement par AKEANCE CONSULTING.<\/p>\n<p><\/p>\n<p><\/p>\n<p>En cas d\u2019indisponibilit\u00e9 du Site, l\u2019Utilisateur en est inform\u00e9 par l\u2019affichage en page d\u2019accueil du Site.<\/p>\n<p><\/p>\n<p><\/p>\n<ol start=\"5\">\n<li><strong>SECURITE ET CONFIDENTIALITE<\/strong><\/li>\n<\/ol>\n<p><\/p>\n<p><\/p>\n<p>AKEANCE CONSULTING a mis en place des mesures de s\u00e9curit\u00e9 concernant l\u2019identification de l\u2019Utilisateur, la confidentialit\u00e9 de ses donn\u00e9es et l\u2019int\u00e9grit\u00e9 des informations stock\u00e9es et transmises. AKEANCE CONSULTING s\u2019engage \u00e0 prendre toutes pr\u00e9cautions utiles et raisonnables pour pr\u00e9server la s\u00e9curit\u00e9 des donn\u00e9es collect\u00e9es aupr\u00e8s de l\u2019Utilisateur et notamment emp\u00eacher qu\u2019elles soient d\u00e9form\u00e9es, endommag\u00e9es ou que des tiers non autoris\u00e9s y aient acc\u00e8s. <\/p>\n<p><\/p>\n<p><\/p>\n<p>Les fonctions du Site sont mises en \u0153uvre dans un environnement s\u00e9curis\u00e9 assurant le chiffrement de l&#8217;ensemble des donn\u00e9es \u00e0 caract\u00e8re personnel et des communications avec l\u2019Utilisateur. Toutefois, AKEANCE CONSULTING n\u2019est d\u00e9biteur que d\u2019une obligation de moyen et non de r\u00e9sultat. <\/p>\n<p><\/p>\n<p><\/p>\n<ol start=\"6\">\n<li><strong>PROTECTION DES DONNEES PERSONNELLES ET COOKIES<\/strong><\/li>\n<\/ol>\n<p><\/p>\n<p><\/p>\n<p>La Soci\u00e9t\u00e9 collecte et traite les informations saisies par les Utilisateurs dans le cadre des fonctionnalit\u00e9s de recrutement et de prise de contact.<\/p>\n<p><\/p>\n<p><\/p>\n<p>Ces informations sont strictement confidentielles et sont utilis\u00e9es conform\u00e9ment \u00e0 la l\u00e9gislation en vigueur en mati\u00e8re de donn\u00e9es \u00e0 caract\u00e8re personnel et de cookies par la Soci\u00e9t\u00e9 ou ses sous-traitants soumis aux m\u00eames obligations, conform\u00e9ment \u00e0 la Politique de Confidentialit\u00e9 accessible ici.<\/p>\n<p><\/p>\n<p><\/p>\n<ol start=\"7\">\n<li><strong>MODIFICATIONS DES CONDITIONS GENERALES<\/strong><\/li>\n<\/ol>\n<p><\/p>\n<p><\/p>\n<p>Les pr\u00e9sentes CGU peuvent \u00eatre amend\u00e9es \u00e0 tout moment par AKEANCE CONSULTING, sans pr\u00e9avis, en fonction des modifications apport\u00e9es au Site, de l\u2019\u00e9volution de la l\u00e9gislation ou pour tout autre motif l\u00e9gitime. La version des CGU, opposable entre les parties, est disponible en permanence sur le Site. L\u2019Utilisateur est inform\u00e9 de toutes modifications des CGU lors de sa visite sur le Site.  <\/p>\n<p><\/p>\n<p><\/p>\n<ol start=\"8\">\n<li><strong>PROPRIETE INTELLECTUELLE<\/strong><\/li>\n<\/ol>\n<p><\/p>\n<p><\/p>\n<p>AKEANCE CONSULTING ne conc\u00e8de \u00e0 l\u2019Utilisateur qu\u2019un droit d\u2019utilisation et d\u2019acc\u00e8s au Site \u00e0 l\u2019exclusion de toute autorisation de reproduction des cr\u00e9ations, quelle que soit leur nature juridique (code source, images, sons, graphismes, s\u00e9quences audiovisuelles, applications mobiles et autres).<\/p>\n<p><\/p>\n<p><\/p>\n<p>La r\u00e9utilisation du logo, des graphismes et des marques dont AKEANCE CONSULTING est propri\u00e9taire doit faire l\u2019objet d\u2019une demande pr\u00e9alable aupr\u00e8s de AKEANCE CONSULTING.<\/p>\n<p><\/p>\n<p><\/p>\n<p>L\u2019Utilisateur est inform\u00e9 que tous les \u00e9l\u00e9ments du Site sont prot\u00e9g\u00e9s par le droit de la propri\u00e9t\u00e9 intellectuelle, il s\u2019interdit donc, sous peine des sanctions civiles et p\u00e9nales de la contrefa\u00e7on, de reproduire ou faire reproduire les cr\u00e9ations, en tout ou partie, \u00e0 titre temporaire ou d\u00e9finitif, par tout proc\u00e9d\u00e9, connus ou inconnus, sur tout support, notamment et non limitativement tout site internet, r\u00e9seau intranet, messagerie, support amovible, r\u00e9seau d\u2019\u00e9change d\u00e9centralis\u00e9 et de pairs \u00e0 pairs, hebdomadaires, magazines, revues, catalogues, brochures, d\u00e9pliants, prospectus, notices, mailings, dossiers publicitaires ou promotionnels y compris de presse et de formation, affiches, affichettes, posters, cartes, panneaux, pancartes, conditionnements et emballages pour tous produits, publications et ouvrages de toute nature.<\/p>\n<p><\/p>\n<p><\/p>\n<p>Cette interdiction s\u2019\u00e9tend \u00e9galement \u00e0 toute reproduction ou diffusion sur support \u00e9lectronique et notamment par le biais du r\u00e9seau Internet, des r\u00e9seaux de t\u00e9l\u00e9phonie mobile, des r\u00e9seaux ADSL, hertziens, c\u00e2bl\u00e9s ou satellitaires ainsi que sur supports mobiles personnels de type t\u00e9l\u00e9phones et tablettes tactiles.<\/p>\n<p><\/p>\n<p><\/p>\n<ol start=\"9\">\n<li><strong>RESPONSABILITE DE L\u2019UTILISATEUR<\/strong><\/li>\n<\/ol>\n<p><\/p>\n<p><\/p>\n<p>L\u2019Utilisateur est enti\u00e8rement responsable de toute information et donn\u00e9e qu\u2019il fournit sur le Site, quelle qu\u2019en soit la nature et l\u2019origine. Sous r\u00e9serve d\u2019acceptation par l\u2019Utilisateur, celui-ci consent \u00e0 leur t\u00e9l\u00e9chargement, publication, transmission et mise \u00e0 disposition. <\/p>\n<p><\/p>\n<p><\/p>\n<p>De fa\u00e7on g\u00e9n\u00e9rale, l\u2019Utilisateur adopte un comportement courtois et respectueux notamment \u00e0 l\u2019\u00e9gard des fonctionnalit\u00e9s de recrutement et de mise en contact du Site.<\/p>\n<p><\/p>\n<p><\/p>\n<ol start=\"10\">\n<li><strong>RESPONSABILITE DE AKEANCE CONSULTING<\/strong><\/li>\n<\/ol>\n<p><\/p>\n<p><\/p>\n<p>Le Site utilise la technologie JavaScript.<\/p>\n<p><\/p>\n<p><\/p>\n<p>AKEANCE CONSULTING ne pourra \u00eatre tenue responsable de dommages mat\u00e9riels li\u00e9s \u00e0 l\u2019utilisation du Site. De plus, l\u2019Utilisateur du Site s\u2019engage \u00e0 acc\u00e9der au Site en utilisant un mat\u00e9riel r\u00e9cent, ne contenant pas de virus et avec un navigateur de derni\u00e8re g\u00e9n\u00e9ration mis-\u00e0-jour. <\/p>\n<p><\/p>\n<p><\/p>\n<p>La responsabilit\u00e9 de AKEANCE CONSULTING ne peut \u00eatre engag\u00e9e, directement ou indirectement, en raison des dommages subis par l\u2019Utilisateur ou leurs \u00e9quipements, li\u00e9s \u00e0 :<\/p>\n<p><\/p>\n<p><\/p>\n<ul>\n<li>Toute interruption du Site ind\u00e9pendante de la volont\u00e9 de AKEANCE CONSULTING et\/ou motiv\u00e9e par un quelconque comportement fautif ou non ;<\/li>\n<li>Tout incident ou interruption du Site caus\u00e9e par un mauvais fonctionnement et\/ou une inad\u00e9quation des \u00e9quipements, mat\u00e9riels et\/ou logiciels et infrastructures de l\u2019Utilisateur ;<\/li>\n<li>Un cas de force majeure ;<\/li>\n<li>L&#8217;intrusion non autoris\u00e9e d&#8217;un tiers dans le syst\u00e8me informatique de AKEANCE CONSULTING entra\u00eenant la diffusion d\u2019un logiciel nuisible.<\/li>\n<\/ul>\n<p><\/p>\n<p><\/p>\n<ol start=\"11\">\n<li><strong>LITIGES, LOI APPLICABLE ET JURIDICTION COMPETENTE<\/strong><\/li>\n<\/ol>\n<p><\/p>\n<p><\/p>\n<p>Pour tout litige pouvant survenir sur l&#8217;interpr\u00e9tation ou l&#8217;ex\u00e9cution des pr\u00e9sentes, les parties conviennent de faire application du droit fran\u00e7ais. Les parties soumettront leur litige \u00e0 la comp\u00e9tence exclusive des tribunaux de Paris. <\/p>\n<p><\/p>\t\t\t\t\t\t\t\t<\/div>\n\t\t\t\t\t<\/div>\n\t\t\t\t<\/div>\n\t\t\t\t<\/div>\n\t\t","protected":false},"excerpt":{"rendered":"<p>Conditions of use AKEANCE CONSULTING La soci\u00e9t\u00e9 AKEANCE CONSULTING, soci\u00e9t\u00e9 par actions simplifi\u00e9e immatricul\u00e9e au Registre du Commerce et des Soci\u00e9t\u00e9s de Paris sous le num\u00e9ro 478 182 538, dont le si\u00e8ge social est situ\u00e9, 11 bis, rue Portalis, 75008, \u00e0 Paris est l\u2019\u00e9diteur et propri\u00e9taire (ci-apr\u00e8s \u00ab AKEANCE CONSULTING \u00bb) des droits patrimoniaux du [&hellip;]<\/p>\n","protected":false},"author":11,"featured_media":0,"parent":0,"menu_order":0,"comment_status":"closed","ping_status":"closed","template":"","meta":{"inline_featured_image":false,"footnotes":""},"class_list":["post-75527","page","type-page","status-publish","hentry"],"yoast_head":"<!-- This site is optimized with the Yoast SEO Premium plugin v27.3 (Yoast SEO v27.3) - https:\/\/yoast.com\/product\/yoast-seo-premium-wordpress\/ -->\n<title>Conditions of use - Akeance Consulting<\/title>\n<meta name=\"description\" content=\"Retrouvez ici les conditions g\u00e9n\u00e9rales d&#039;utilisation d&#039;Akeance, consulting en strat\u00e9gie, organisation et management.\" \/>\n<meta name=\"robots\" content=\"index, follow, max-snippet:-1, max-image-preview:large, max-video-preview:-1\" \/>\n<link rel=\"canonical\" href=\"https:\/\/akeance.com\/en\/conditions-of-use\/\" \/>\n<meta property=\"og:locale\" content=\"en_US\" \/>\n<meta property=\"og:type\" content=\"article\" \/>\n<meta property=\"og:title\" content=\"Conditions of use\" \/>\n<meta property=\"og:description\" content=\"Retrouvez ici les conditions g\u00e9n\u00e9rales d&#039;utilisation d&#039;Akeance, consulting en strat\u00e9gie, organisation et management.\" \/>\n<meta property=\"og:url\" content=\"https:\/\/akeance.com\/en\/conditions-of-use\/\" \/>\n<meta property=\"og:site_name\" content=\"Akeance Consulting\" \/>\n<meta property=\"article:modified_time\" content=\"2025-10-23T08:23:08+00:00\" \/>\n<meta property=\"og:image\" content=\"https:\/\/akeance.com\/wp-content\/uploads\/2021\/02\/actu-default-visuel-1.png\" \/>\n\t<meta property=\"og:image:width\" content=\"800\" \/>\n\t<meta property=\"og:image:height\" content=\"448\" \/>\n\t<meta property=\"og:image:type\" content=\"image\/png\" \/>\n<meta name=\"twitter:card\" content=\"summary_large_image\" \/>\n<meta name=\"twitter:site\" content=\"@Akeance\" \/>\n<meta name=\"twitter:label1\" content=\"Est. reading time\" \/>\n\t<meta name=\"twitter:data1\" content=\"7 minutes\" \/>\n<script type=\"application\/ld+json\" class=\"yoast-schema-graph\">{\"@context\":\"https:\\\/\\\/schema.org\",\"@graph\":[{\"@type\":\"WebPage\",\"@id\":\"https:\\\/\\\/akeance.com\\\/en\\\/conditions-of-use\\\/\",\"url\":\"https:\\\/\\\/akeance.com\\\/en\\\/conditions-of-use\\\/\",\"name\":\"Conditions of use - Akeance Consulting\",\"isPartOf\":{\"@id\":\"https:\\\/\\\/akeance.com\\\/en\\\/#website\"},\"datePublished\":\"2021-03-31T14:13:58+00:00\",\"dateModified\":\"2025-10-23T08:23:08+00:00\",\"description\":\"Retrouvez ici les conditions g\u00e9n\u00e9rales d'utilisation d'Akeance, consulting en strat\u00e9gie, organisation et management.\",\"breadcrumb\":{\"@id\":\"https:\\\/\\\/akeance.com\\\/en\\\/conditions-of-use\\\/#breadcrumb\"},\"inLanguage\":\"en-US\",\"potentialAction\":[{\"@type\":\"ReadAction\",\"target\":[\"https:\\\/\\\/akeance.com\\\/en\\\/conditions-of-use\\\/\"]}]},{\"@type\":\"BreadcrumbList\",\"@id\":\"https:\\\/\\\/akeance.com\\\/en\\\/conditions-of-use\\\/#breadcrumb\",\"itemListElement\":[{\"@type\":\"ListItem\",\"position\":1,\"name\":\"Accueil\",\"item\":\"https:\\\/\\\/akeance.com\\\/en\\\/home-english\\\/\"},{\"@type\":\"ListItem\",\"position\":2,\"name\":\"Conditions of use\"}]},{\"@type\":\"WebSite\",\"@id\":\"https:\\\/\\\/akeance.com\\\/en\\\/#website\",\"url\":\"https:\\\/\\\/akeance.com\\\/en\\\/\",\"name\":\"Akeance Consulting\",\"description\":\"Cabinet de conseil en strat\u00e9gie op\u00e9rationnelle\",\"publisher\":{\"@id\":\"https:\\\/\\\/akeance.com\\\/en\\\/#organization\"},\"potentialAction\":[{\"@type\":\"SearchAction\",\"target\":{\"@type\":\"EntryPoint\",\"urlTemplate\":\"https:\\\/\\\/akeance.com\\\/en\\\/?s={search_term_string}\"},\"query-input\":{\"@type\":\"PropertyValueSpecification\",\"valueRequired\":true,\"valueName\":\"search_term_string\"}}],\"inLanguage\":\"en-US\"},{\"@type\":\"Organization\",\"@id\":\"https:\\\/\\\/akeance.com\\\/en\\\/#organization\",\"name\":\"Akeance consulting\",\"url\":\"https:\\\/\\\/akeance.com\\\/en\\\/\",\"logo\":{\"@type\":\"ImageObject\",\"inLanguage\":\"en-US\",\"@id\":\"https:\\\/\\\/akeance.com\\\/en\\\/#\\\/schema\\\/logo\\\/image\\\/\",\"url\":\"https:\\\/\\\/akeance.com\\\/wp-content\\\/uploads\\\/2020\\\/12\\\/akeance-logo.png\",\"contentUrl\":\"https:\\\/\\\/akeance.com\\\/wp-content\\\/uploads\\\/2020\\\/12\\\/akeance-logo.png\",\"width\":200,\"height\":49,\"caption\":\"Akeance consulting\"},\"image\":{\"@id\":\"https:\\\/\\\/akeance.com\\\/en\\\/#\\\/schema\\\/logo\\\/image\\\/\"},\"sameAs\":[\"https:\\\/\\\/x.com\\\/Akeance\"],\"numberOfEmployees\":{\"@type\":\"QuantitativeValue\",\"minValue\":\"11\",\"maxValue\":\"50\"}}]}<\/script>\n<!-- \/ Yoast SEO Premium plugin. -->","yoast_head_json":{"title":"Conditions of use - Akeance Consulting","description":"Retrouvez ici les conditions g\u00e9n\u00e9rales d'utilisation d'Akeance, consulting en strat\u00e9gie, organisation et management.","robots":{"index":"index","follow":"follow","max-snippet":"max-snippet:-1","max-image-preview":"max-image-preview:large","max-video-preview":"max-video-preview:-1"},"canonical":"https:\/\/akeance.com\/en\/conditions-of-use\/","og_locale":"en_US","og_type":"article","og_title":"Conditions of use","og_description":"Retrouvez ici les conditions g\u00e9n\u00e9rales d'utilisation d'Akeance, consulting en strat\u00e9gie, organisation et management.","og_url":"https:\/\/akeance.com\/en\/conditions-of-use\/","og_site_name":"Akeance Consulting","article_modified_time":"2025-10-23T08:23:08+00:00","og_image":[{"width":800,"height":448,"url":"https:\/\/akeance.com\/wp-content\/uploads\/2021\/02\/actu-default-visuel-1.png","type":"image\/png"}],"twitter_card":"summary_large_image","twitter_site":"@Akeance","twitter_misc":{"Est. reading time":"7 minutes"},"schema":{"@context":"https:\/\/schema.org","@graph":[{"@type":"WebPage","@id":"https:\/\/akeance.com\/en\/conditions-of-use\/","url":"https:\/\/akeance.com\/en\/conditions-of-use\/","name":"Conditions of use - Akeance Consulting","isPartOf":{"@id":"https:\/\/akeance.com\/en\/#website"},"datePublished":"2021-03-31T14:13:58+00:00","dateModified":"2025-10-23T08:23:08+00:00","description":"Retrouvez ici les conditions g\u00e9n\u00e9rales d'utilisation d'Akeance, consulting en strat\u00e9gie, organisation et management.","breadcrumb":{"@id":"https:\/\/akeance.com\/en\/conditions-of-use\/#breadcrumb"},"inLanguage":"en-US","potentialAction":[{"@type":"ReadAction","target":["https:\/\/akeance.com\/en\/conditions-of-use\/"]}]},{"@type":"BreadcrumbList","@id":"https:\/\/akeance.com\/en\/conditions-of-use\/#breadcrumb","itemListElement":[{"@type":"ListItem","position":1,"name":"Accueil","item":"https:\/\/akeance.com\/en\/home-english\/"},{"@type":"ListItem","position":2,"name":"Conditions of use"}]},{"@type":"WebSite","@id":"https:\/\/akeance.com\/en\/#website","url":"https:\/\/akeance.com\/en\/","name":"Akeance Consulting","description":"Cabinet de conseil en strat\u00e9gie op\u00e9rationnelle","publisher":{"@id":"https:\/\/akeance.com\/en\/#organization"},"potentialAction":[{"@type":"SearchAction","target":{"@type":"EntryPoint","urlTemplate":"https:\/\/akeance.com\/en\/?s={search_term_string}"},"query-input":{"@type":"PropertyValueSpecification","valueRequired":true,"valueName":"search_term_string"}}],"inLanguage":"en-US"},{"@type":"Organization","@id":"https:\/\/akeance.com\/en\/#organization","name":"Akeance consulting","url":"https:\/\/akeance.com\/en\/","logo":{"@type":"ImageObject","inLanguage":"en-US","@id":"https:\/\/akeance.com\/en\/#\/schema\/logo\/image\/","url":"https:\/\/akeance.com\/wp-content\/uploads\/2020\/12\/akeance-logo.png","contentUrl":"https:\/\/akeance.com\/wp-content\/uploads\/2020\/12\/akeance-logo.png","width":200,"height":49,"caption":"Akeance consulting"},"image":{"@id":"https:\/\/akeance.com\/en\/#\/schema\/logo\/image\/"},"sameAs":["https:\/\/x.com\/Akeance"],"numberOfEmployees":{"@type":"QuantitativeValue","minValue":"11","maxValue":"50"}}]}},"meta_box":{"text_header":""},"_links":{"self":[{"href":"https:\/\/akeance.com\/en\/wp-json\/wp\/v2\/pages\/75527","targetHints":{"allow":["GET"]}}],"collection":[{"href":"https:\/\/akeance.com\/en\/wp-json\/wp\/v2\/pages"}],"about":[{"href":"https:\/\/akeance.com\/en\/wp-json\/wp\/v2\/types\/page"}],"author":[{"embeddable":true,"href":"https:\/\/akeance.com\/en\/wp-json\/wp\/v2\/users\/11"}],"replies":[{"embeddable":true,"href":"https:\/\/akeance.com\/en\/wp-json\/wp\/v2\/comments?post=75527"}],"version-history":[{"count":0,"href":"https:\/\/akeance.com\/en\/wp-json\/wp\/v2\/pages\/75527\/revisions"}],"wp:attachment":[{"href":"https:\/\/akeance.com\/en\/wp-json\/wp\/v2\/media?parent=75527"}],"curies":[{"name":"wp","href":"https:\/\/api.w.org\/{rel}","templated":true}]}}