{"id":1971,"date":"2025-11-10T18:10:59","date_gmt":"2025-11-10T17:10:59","guid":{"rendered":"https:\/\/akeance.com\/?page_id=1971"},"modified":"2025-11-10T18:11:09","modified_gmt":"2025-11-10T17:11:09","slug":"budget","status":"publish","type":"page","link":"https:\/\/akeance.com\/en\/sectors\/our-business-our-offer\/figures-performance\/budget\/","title":{"rendered":"Budget"},"content":{"rendered":"\t\t<div data-elementor-type=\"wp-page\" data-elementor-id=\"1971\" class=\"elementor elementor-1971 elementor-91\" data-elementor-post-type=\"page\">\n\t\t\t\t<div class=\"elementor-element elementor-element-4704f229 e-con-full e-flex e-con e-child\" data-id=\"4704f229\" data-element_type=\"container\" data-e-type=\"container\">\n\t\t<div class=\"elementor-element elementor-element-1658042a e-con-full e-flex e-con e-child\" data-id=\"1658042a\" data-element_type=\"container\" data-e-type=\"container\">\n\t\t\t\t<div class=\"elementor-element elementor-element-3a1ca4fd elementor-widget elementor-widget-heading\" data-id=\"3a1ca4fd\" data-element_type=\"widget\" data-e-type=\"widget\" data-widget_type=\"heading.default\">\n\t\t\t\t\t<h2 class=\"elementor-heading-title elementor-size-default\">Consulting in budget : our positioning<\/h2>\t\t\t\t<\/div>\n\t\t\t\t<div class=\"elementor-element elementor-element-44330b1f elementor-widget elementor-widget-text-editor\" data-id=\"44330b1f\" data-element_type=\"widget\" data-e-type=\"widget\" data-widget_type=\"text-editor.default\">\n\t\t\t\t\t\t\t\t\tLarge companies sometimes have departments dedicated to budget. But most of the time, we deal with financial departments regarding missions related to budget. \n\t\t\t\t\t\t\t\t<\/div>\n\t\t\t\t<\/div>\n\t\t<div class=\"elementor-element elementor-element-7a477695 e-con-full e-flex e-con e-child\" data-id=\"7a477695\" data-element_type=\"container\" data-e-type=\"container\">\n\t\t\t\t<div class=\"elementor-element elementor-element-dff6cab elementor-widget-divider--view-line elementor-widget elementor-widget-divider\" data-id=\"dff6cab\" data-element_type=\"widget\" data-e-type=\"widget\" data-widget_type=\"divider.default\">\n\t\t\t\t\t\t\t<div class=\"elementor-divider\">\n\t\t\t<span class=\"elementor-divider-separator\">\n\t\t\t\t\t\t<\/span>\n\t\t<\/div>\n\t\t\t\t\t\t<\/div>\n\t\t\t\t<\/div>\n\t\t<div class=\"elementor-element elementor-element-3d905db9 e-con-full e-flex e-con e-child\" data-id=\"3d905db9\" data-element_type=\"container\" data-e-type=\"container\">\n\t\t\t\t<div class=\"elementor-element elementor-element-6cbe800c elementor-widget elementor-widget-heading\" data-id=\"6cbe800c\" data-element_type=\"widget\" data-e-type=\"widget\" data-widget_type=\"heading.default\">\n\t\t\t\t\t<h2 class=\"elementor-heading-title elementor-size-default\">Consulting in budget : approach and content<\/h2>\t\t\t\t<\/div>\n\t\t\t\t<div class=\"elementor-element elementor-element-48769dd6 elementor-widget elementor-widget-text-editor\" data-id=\"48769dd6\" data-element_type=\"widget\" data-e-type=\"widget\" data-widget_type=\"text-editor.default\">\n\t\t\t\t\t\t\t\t\t<p>Missions related to the budget monstly concern the budgetary process.<br>Our approach is based on a complete process reegineering since it involves revisiting the various stages of the budgetary process, identifying the deadlines for each party in the budget construction process, clarifying the rules that must govern the budget proposals, specifying the conditions for validation (committee, composition, etc.) and the feedback process to the various teams.<br>Usually, the budget on process review is often cumbersome due to a reality that is often well established and relatively inefficient. Once, we encountered a budget process that lasted 11 months &#8230;<br>Finally, the validation of the recommendations of a new budget process is relatively complex. Our experience leads us to note the large number of actors involved in such validation. There is frequent back and forth on the operational work on the budget process.<br>The &#8220;reforecast&#8221; \/ &#8220;rolling forecast&#8221; process is similar and calls for the same remarks.   <\/p>\t\t\t\t\t\t\t\t<\/div>\n\t\t\t\t<\/div>\n\t\t<div class=\"elementor-element elementor-element-532f9c7 e-con-full e-flex e-con e-child\" data-id=\"532f9c7\" data-element_type=\"container\" data-e-type=\"container\">\n\t\t\t\t<div class=\"elementor-element elementor-element-51da27a9 elementor-widget-divider--view-line elementor-widget elementor-widget-divider\" data-id=\"51da27a9\" data-element_type=\"widget\" data-e-type=\"widget\" data-widget_type=\"divider.default\">\n\t\t\t\t\t\t\t<div class=\"elementor-divider\">\n\t\t\t<span class=\"elementor-divider-separator\">\n\t\t\t\t\t\t<\/span>\n\t\t<\/div>\n\t\t\t\t\t\t<\/div>\n\t\t\t\t<\/div>\n\t\t<div class=\"elementor-element elementor-element-1bf8c002 e-con-full e-flex e-con e-child\" data-id=\"1bf8c002\" data-element_type=\"container\" data-e-type=\"container\">\n\t\t\t\t<div class=\"elementor-element elementor-element-41e917b7 elementor-widget elementor-widget-heading\" data-id=\"41e917b7\" data-element_type=\"widget\" data-e-type=\"widget\" data-widget_type=\"heading.default\">\n\t\t\t\t\t<h2 class=\"elementor-heading-title elementor-size-default\">Consulting in budget : some convictions<\/h2>\t\t\t\t<\/div>\n\t\t\t\t<div class=\"elementor-element elementor-element-79d0df08 elementor-widget elementor-widget-heading\" data-id=\"79d0df08\" data-element_type=\"widget\" data-e-type=\"widget\" data-widget_type=\"heading.default\">\n\t\t\t\t\t<h3 class=\"elementor-heading-title elementor-size-default\">The need to refer to the original budget<\/h3>\t\t\t\t<\/div>\n\t\t\t\t<div class=\"elementor-element elementor-element-79950b6d elementor-widget elementor-widget-text-editor\" data-id=\"79950b6d\" data-element_type=\"widget\" data-e-type=\"widget\" data-widget_type=\"text-editor.default\">\n\t\t\t\t\t\t\t\t\tThe &#8220;reforecast&#8221; is the exercise of updating the budget. The process associated with reforecasts is specific to a company (although the large groups have based their modus opereandi on large american groups).<br>Somehow, this &#8216;reforecast&#8217; cancels and replaces the initial budget. Still, the original budget, a sort of budget 0 for the year, must be maintained to enable a better analysis of the discrepancies. It allows us to remember that reality is compared to the budget and not the opposite.    \t\t\t\t\t\t\t\t<\/div>\n\t\t\t\t<div class=\"elementor-element elementor-element-2483d5f7 elementor-widget elementor-widget-heading\" data-id=\"2483d5f7\" data-element_type=\"widget\" data-e-type=\"widget\" data-widget_type=\"heading.default\">\n\t\t\t\t\t<h3 class=\"elementor-heading-title elementor-size-default\">The budget exercise: a cat and mouse game<\/h3>\t\t\t\t<\/div>\n\t\t\t\t<div class=\"elementor-element elementor-element-64d7ae6d elementor-widget elementor-widget-text-editor\" data-id=\"64d7ae6d\" data-element_type=\"widget\" data-e-type=\"widget\" data-widget_type=\"text-editor.default\">\n\t\t\t\t\t\t\t\t\tA handicap that is difficult to avoid is the habit of &#8220;hiding the budget&#8221; or &#8220;consuming the budget balance to protect next year&#8217;s budget&#8221;.<br>These natural reactions within the teams can only be countered by the approach of a &#8220;base 0 budget&#8221;, or BBZ, which &#8211; in part &#8211; avoids the game of hide-and-seek on budget items. \t\t\t\t\t\t\t\t<\/div>\n\t\t\t\t<\/div>\n\t\t<div class=\"elementor-element elementor-element-2c844978 e-con-full e-flex e-con e-child\" data-id=\"2c844978\" data-element_type=\"container\" data-e-type=\"container\">\n\t\t\t\t<div class=\"elementor-element elementor-element-36eec9b3 elementor-widget-divider--view-line elementor-widget elementor-widget-divider\" data-id=\"36eec9b3\" data-element_type=\"widget\" data-e-type=\"widget\" data-widget_type=\"divider.default\">\n\t\t\t\t\t\t\t<div class=\"elementor-divider\">\n\t\t\t<span class=\"elementor-divider-separator\">\n\t\t\t\t\t\t<\/span>\n\t\t<\/div>\n\t\t\t\t\t\t<\/div>\n\t\t\t\t<\/div>\n\t\t<div class=\"elementor-element elementor-element-3ee3b7c5 e-con-full e-flex e-con e-child\" data-id=\"3ee3b7c5\" data-element_type=\"container\" data-e-type=\"container\">\n\t\t\t\t<div class=\"elementor-element elementor-element-27a65a7 elementor-widget elementor-widget-heading\" data-id=\"27a65a7\" data-element_type=\"widget\" data-e-type=\"widget\" data-widget_type=\"heading.default\">\n\t\t\t\t\t<h2 class=\"elementor-heading-title elementor-size-default\">Do you want to know more ?<\/h2>\t\t\t\t<\/div>\n\t\t\t\t<div class=\"elementor-element elementor-element-43a320aa elementor-widget elementor-widget-button\" data-id=\"43a320aa\" data-element_type=\"widget\" data-e-type=\"widget\" data-widget_type=\"button.default\">\n\t\t\t\t\t\t\t\t\t\t<a class=\"elementor-button elementor-button-link elementor-size-sm\" href=\"https:\/\/akeance.com\/en\/contact-us\/?source=Contact%20via%20la%20page%20offre%20le%20budget\">\n\t\t\t\t\t\t<span class=\"elementor-button-content-wrapper\">\n\t\t\t\t\t\t\t\t\t<span class=\"elementor-button-text\">Contact us<\/span>\n\t\t\t\t\t<\/span>\n\t\t\t\t\t<\/a>\n\t\t\t\t\t\t\t\t<\/div>\n\t\t\t\t<\/div>\n\t\t<div class=\"elementor-element elementor-element-2e50c19c e-con-full e-flex e-con e-child\" data-id=\"2e50c19c\" data-element_type=\"container\" data-e-type=\"container\">\n\t\t\t\t<div class=\"elementor-element elementor-element-5b26e68d elementor-widget-divider--view-line elementor-widget elementor-widget-divider\" data-id=\"5b26e68d\" data-element_type=\"widget\" data-e-type=\"widget\" data-widget_type=\"divider.default\">\n\t\t\t\t\t\t\t<div class=\"elementor-divider\">\n\t\t\t<span class=\"elementor-divider-separator\">\n\t\t\t\t\t\t<\/span>\n\t\t<\/div>\n\t\t\t\t\t\t<\/div>\n\t\t\t\t<\/div>\n\t\t<div class=\"elementor-element elementor-element-5f54b319 e-con-full e-flex e-con e-child\" data-id=\"5f54b319\" data-element_type=\"container\" data-e-type=\"container\">\n\t\t\t\t<div class=\"elementor-element elementor-element-261b162a elementor-widget elementor-widget-heading\" data-id=\"261b162a\" data-element_type=\"widget\" data-e-type=\"widget\" data-widget_type=\"heading.default\">\n\t\t\t\t\t<h2 class=\"elementor-heading-title elementor-size-default\">News<\/h2>\t\t\t\t<\/div>\n\t\t\t\t<div class=\"elementor-element elementor-element-8a3e45f elementor-grid-1 elementor-grid-tablet-1 elementor-grid-mobile-1 elementor-widget elementor-widget-loop-grid\" data-id=\"8a3e45f\" data-element_type=\"widget\" data-e-type=\"widget\" data-settings=\"{&quot;template_id&quot;:73617,&quot;columns&quot;:1,&quot;columns_tablet&quot;:1,&quot;row_gap&quot;:{&quot;unit&quot;:&quot;px&quot;,&quot;size&quot;:15,&quot;sizes&quot;:[]},&quot;_skin&quot;:&quot;post&quot;,&quot;columns_mobile&quot;:&quot;1&quot;,&quot;edit_handle_selector&quot;:&quot;[data-elementor-type=\\&quot;loop-item\\&quot;]&quot;,&quot;row_gap_tablet&quot;:{&quot;unit&quot;:&quot;px&quot;,&quot;size&quot;:&quot;&quot;,&quot;sizes&quot;:[]},&quot;row_gap_mobile&quot;:{&quot;unit&quot;:&quot;px&quot;,&quot;size&quot;:&quot;&quot;,&quot;sizes&quot;:[]}}\" data-widget_type=\"loop-grid.post\">\n\t\t\t\t<div class=\"elementor-widget-container\">\n\t\t\t\t\t\t\t<div class=\"e-loop-nothing-found-message\">\n\t\t\t\t\t<div class=\"e-loop-nothing-found-message__text\">\n\t\t\t\tIt looks like we can't find what you're looking for.\t\t\t<\/div>\n\t\t\t<\/div>\n\t\t\t\t\t\t<\/div>\n\t\t\t\t<\/div>\n\t\t\t\t<\/div>\n\t\t<div class=\"elementor-element elementor-element-ee4a72f e-con-full e-flex e-con e-child\" data-id=\"ee4a72f\" data-element_type=\"container\" data-e-type=\"container\">\n\t\t\t\t<div class=\"elementor-element elementor-element-4709ddfa elementor-widget-divider--view-line elementor-widget elementor-widget-divider\" data-id=\"4709ddfa\" data-element_type=\"widget\" data-e-type=\"widget\" data-widget_type=\"divider.default\">\n\t\t\t\t\t\t\t<div class=\"elementor-divider\">\n\t\t\t<span class=\"elementor-divider-separator\">\n\t\t\t\t\t\t<\/span>\n\t\t<\/div>\n\t\t\t\t\t\t<\/div>\n\t\t\t\t<\/div>\n\t\t\t\t<\/div>\n\t\t\t\t<\/div>\n\t\t","protected":false},"excerpt":{"rendered":"<p>Consulting in budget : our positioning Large companies sometimes have departments dedicated to budget. But most of the time, we deal with financial departments regarding missions related to budget. Consulting in budget : approach and content Missions related to the budget monstly concern the budgetary process.Our approach is based on a complete process reegineering since [&hellip;]<\/p>\n","protected":false},"author":11,"featured_media":0,"parent":1945,"menu_order":0,"comment_status":"closed","ping_status":"closed","template":"elementor_theme","meta":{"inline_featured_image":false,"footnotes":""},"class_list":["post-1971","page","type-page","status-publish","hentry"],"yoast_head":"<!-- This site is optimized with the Yoast SEO Premium plugin v27.2 (Yoast SEO v27.3) - https:\/\/yoast.com\/product\/yoast-seo-premium-wordpress\/ -->\n<title>Consulting in budget - Akeance Consulting<\/title>\n<meta name=\"description\" content=\"Akeance Consulting, a financial consulting firm, has developed expertise in consulting in budget, including the redefinition of budgetary processes.\" \/>\n<meta name=\"robots\" content=\"index, follow, max-snippet:-1, max-image-preview:large, max-video-preview:-1\" \/>\n<link rel=\"canonical\" href=\"https:\/\/akeance.com\/en\/sectors\/our-business-our-offer\/figures-performance\/budget\/\" \/>\n<meta property=\"og:locale\" content=\"en_US\" \/>\n<meta property=\"og:type\" content=\"article\" \/>\n<meta property=\"og:title\" content=\"Budget consulting | Akeance Consulting\" \/>\n<meta property=\"og:description\" content=\"Akeance Consulting, a financial consulting firm, has developed expertise in consulting in budget, including the redefinition of budgetary processes.\" \/>\n<meta property=\"og:url\" content=\"https:\/\/akeance.com\/en\/sectors\/our-business-our-offer\/figures-performance\/budget\/\" \/>\n<meta property=\"og:site_name\" content=\"Akeance Consulting\" \/>\n<meta property=\"article:modified_time\" content=\"2025-11-10T17:11:09+00:00\" \/>\n<meta property=\"og:image\" content=\"https:\/\/akeance.com\/wp-content\/uploads\/2021\/03\/Akeance_HOME_Couverture_HD-3-scaled.jpg\" \/>\n\t<meta property=\"og:image:width\" content=\"1920\" \/>\n\t<meta property=\"og:image:height\" content=\"1607\" \/>\n\t<meta property=\"og:image:type\" content=\"image\/jpeg\" \/>\n<meta name=\"twitter:card\" content=\"summary_large_image\" \/>\n<meta name=\"twitter:title\" content=\"Consulting in budget - Akeance Consulting\" \/>\n<meta name=\"twitter:description\" content=\"Cabinet de conseil financier, Akeance Consulting a d\u00e9velopp\u00e9 une expertise dans le conseil en budget, la red\u00e9finition des processus budg\u00e9taires des groupes et leur suivi.\" \/>\n<meta name=\"twitter:site\" content=\"@Akeance\" \/>\n<meta name=\"twitter:label1\" content=\"Est. reading time\" \/>\n\t<meta name=\"twitter:data1\" content=\"2 minutes\" \/>\n<script type=\"application\/ld+json\" class=\"yoast-schema-graph\">{\"@context\":\"https:\\\/\\\/schema.org\",\"@graph\":[{\"@type\":\"WebPage\",\"@id\":\"https:\\\/\\\/akeance.com\\\/en\\\/sectors\\\/our-business-our-offer\\\/figures-performance\\\/budget\\\/\",\"url\":\"https:\\\/\\\/akeance.com\\\/en\\\/sectors\\\/our-business-our-offer\\\/figures-performance\\\/budget\\\/\",\"name\":\"Consulting in budget - Akeance Consulting\",\"isPartOf\":{\"@id\":\"https:\\\/\\\/akeance.com\\\/en\\\/#website\"},\"datePublished\":\"2025-11-10T17:10:59+00:00\",\"dateModified\":\"2025-11-10T17:11:09+00:00\",\"description\":\"Akeance Consulting, a financial consulting firm, has developed expertise in consulting in budget, including the redefinition of budgetary processes.\",\"breadcrumb\":{\"@id\":\"https:\\\/\\\/akeance.com\\\/en\\\/sectors\\\/our-business-our-offer\\\/figures-performance\\\/budget\\\/#breadcrumb\"},\"inLanguage\":\"en-US\",\"potentialAction\":[{\"@type\":\"ReadAction\",\"target\":[\"https:\\\/\\\/akeance.com\\\/en\\\/sectors\\\/our-business-our-offer\\\/figures-performance\\\/budget\\\/\"]}]},{\"@type\":\"BreadcrumbList\",\"@id\":\"https:\\\/\\\/akeance.com\\\/en\\\/sectors\\\/our-business-our-offer\\\/figures-performance\\\/budget\\\/#breadcrumb\",\"itemListElement\":[{\"@type\":\"ListItem\",\"position\":1,\"name\":\"Accueil\",\"item\":\"https:\\\/\\\/akeance.com\\\/en\\\/home-english\\\/\"},{\"@type\":\"ListItem\",\"position\":2,\"name\":\"Sectors\",\"item\":\"https:\\\/\\\/akeance.com\\\/en\\\/sectors\\\/\"},{\"@type\":\"ListItem\",\"position\":3,\"name\":\"Our activities\",\"item\":\"https:\\\/\\\/akeance.com\\\/en\\\/sectors\\\/our-business-our-offer\\\/\"},{\"@type\":\"ListItem\",\"position\":4,\"name\":\"Figures &amp; performance\",\"item\":\"https:\\\/\\\/akeance.com\\\/en\\\/sectors\\\/our-business-our-offer\\\/figures-performance\\\/\"},{\"@type\":\"ListItem\",\"position\":5,\"name\":\"Budget\"}]},{\"@type\":\"WebSite\",\"@id\":\"https:\\\/\\\/akeance.com\\\/en\\\/#website\",\"url\":\"https:\\\/\\\/akeance.com\\\/en\\\/\",\"name\":\"Akeance Consulting\",\"description\":\"Cabinet de conseil en strat\u00e9gie op\u00e9rationnelle\",\"publisher\":{\"@id\":\"https:\\\/\\\/akeance.com\\\/en\\\/#organization\"},\"potentialAction\":[{\"@type\":\"SearchAction\",\"target\":{\"@type\":\"EntryPoint\",\"urlTemplate\":\"https:\\\/\\\/akeance.com\\\/en\\\/?s={search_term_string}\"},\"query-input\":{\"@type\":\"PropertyValueSpecification\",\"valueRequired\":true,\"valueName\":\"search_term_string\"}}],\"inLanguage\":\"en-US\"},{\"@type\":\"Organization\",\"@id\":\"https:\\\/\\\/akeance.com\\\/en\\\/#organization\",\"name\":\"Akeance consulting\",\"url\":\"https:\\\/\\\/akeance.com\\\/en\\\/\",\"logo\":{\"@type\":\"ImageObject\",\"inLanguage\":\"en-US\",\"@id\":\"https:\\\/\\\/akeance.com\\\/en\\\/#\\\/schema\\\/logo\\\/image\\\/\",\"url\":\"https:\\\/\\\/akeance.com\\\/wp-content\\\/uploads\\\/2020\\\/12\\\/akeance-logo.png\",\"contentUrl\":\"https:\\\/\\\/akeance.com\\\/wp-content\\\/uploads\\\/2020\\\/12\\\/akeance-logo.png\",\"width\":200,\"height\":49,\"caption\":\"Akeance consulting\"},\"image\":{\"@id\":\"https:\\\/\\\/akeance.com\\\/en\\\/#\\\/schema\\\/logo\\\/image\\\/\"},\"sameAs\":[\"https:\\\/\\\/x.com\\\/Akeance\"],\"numberOfEmployees\":{\"@type\":\"QuantitativeValue\",\"minValue\":\"11\",\"maxValue\":\"50\"}}]}<\/script>\n<!-- \/ Yoast SEO Premium plugin. -->","yoast_head_json":{"title":"Consulting in budget - Akeance Consulting","description":"Akeance Consulting, a financial consulting firm, has developed expertise in consulting in budget, including the redefinition of budgetary processes.","robots":{"index":"index","follow":"follow","max-snippet":"max-snippet:-1","max-image-preview":"max-image-preview:large","max-video-preview":"max-video-preview:-1"},"canonical":"https:\/\/akeance.com\/en\/sectors\/our-business-our-offer\/figures-performance\/budget\/","og_locale":"en_US","og_type":"article","og_title":"Budget consulting | Akeance Consulting","og_description":"Akeance Consulting, a financial consulting firm, has developed expertise in consulting in budget, including the redefinition of budgetary processes.","og_url":"https:\/\/akeance.com\/en\/sectors\/our-business-our-offer\/figures-performance\/budget\/","og_site_name":"Akeance Consulting","article_modified_time":"2025-11-10T17:11:09+00:00","og_image":[{"width":1920,"height":1607,"url":"https:\/\/akeance.com\/wp-content\/uploads\/2021\/03\/Akeance_HOME_Couverture_HD-3-scaled.jpg","type":"image\/jpeg"}],"twitter_card":"summary_large_image","twitter_title":"Consulting in budget - Akeance Consulting","twitter_description":"Cabinet de conseil financier, Akeance Consulting a d\u00e9velopp\u00e9 une expertise dans le conseil en budget, la red\u00e9finition des processus budg\u00e9taires des groupes et leur suivi.","twitter_site":"@Akeance","twitter_misc":{"Est. reading time":"2 minutes"},"schema":{"@context":"https:\/\/schema.org","@graph":[{"@type":"WebPage","@id":"https:\/\/akeance.com\/en\/sectors\/our-business-our-offer\/figures-performance\/budget\/","url":"https:\/\/akeance.com\/en\/sectors\/our-business-our-offer\/figures-performance\/budget\/","name":"Consulting in budget - Akeance Consulting","isPartOf":{"@id":"https:\/\/akeance.com\/en\/#website"},"datePublished":"2025-11-10T17:10:59+00:00","dateModified":"2025-11-10T17:11:09+00:00","description":"Akeance Consulting, a financial consulting firm, has developed expertise in consulting in budget, including the redefinition of budgetary processes.","breadcrumb":{"@id":"https:\/\/akeance.com\/en\/sectors\/our-business-our-offer\/figures-performance\/budget\/#breadcrumb"},"inLanguage":"en-US","potentialAction":[{"@type":"ReadAction","target":["https:\/\/akeance.com\/en\/sectors\/our-business-our-offer\/figures-performance\/budget\/"]}]},{"@type":"BreadcrumbList","@id":"https:\/\/akeance.com\/en\/sectors\/our-business-our-offer\/figures-performance\/budget\/#breadcrumb","itemListElement":[{"@type":"ListItem","position":1,"name":"Accueil","item":"https:\/\/akeance.com\/en\/home-english\/"},{"@type":"ListItem","position":2,"name":"Sectors","item":"https:\/\/akeance.com\/en\/sectors\/"},{"@type":"ListItem","position":3,"name":"Our activities","item":"https:\/\/akeance.com\/en\/sectors\/our-business-our-offer\/"},{"@type":"ListItem","position":4,"name":"Figures &amp; performance","item":"https:\/\/akeance.com\/en\/sectors\/our-business-our-offer\/figures-performance\/"},{"@type":"ListItem","position":5,"name":"Budget"}]},{"@type":"WebSite","@id":"https:\/\/akeance.com\/en\/#website","url":"https:\/\/akeance.com\/en\/","name":"Akeance Consulting","description":"Cabinet de conseil en strat\u00e9gie op\u00e9rationnelle","publisher":{"@id":"https:\/\/akeance.com\/en\/#organization"},"potentialAction":[{"@type":"SearchAction","target":{"@type":"EntryPoint","urlTemplate":"https:\/\/akeance.com\/en\/?s={search_term_string}"},"query-input":{"@type":"PropertyValueSpecification","valueRequired":true,"valueName":"search_term_string"}}],"inLanguage":"en-US"},{"@type":"Organization","@id":"https:\/\/akeance.com\/en\/#organization","name":"Akeance consulting","url":"https:\/\/akeance.com\/en\/","logo":{"@type":"ImageObject","inLanguage":"en-US","@id":"https:\/\/akeance.com\/en\/#\/schema\/logo\/image\/","url":"https:\/\/akeance.com\/wp-content\/uploads\/2020\/12\/akeance-logo.png","contentUrl":"https:\/\/akeance.com\/wp-content\/uploads\/2020\/12\/akeance-logo.png","width":200,"height":49,"caption":"Akeance consulting"},"image":{"@id":"https:\/\/akeance.com\/en\/#\/schema\/logo\/image\/"},"sameAs":["https:\/\/x.com\/Akeance"],"numberOfEmployees":{"@type":"QuantitativeValue","minValue":"11","maxValue":"50"}}]}},"meta_box":{"text_header":"Budget consulting"},"_links":{"self":[{"href":"https:\/\/akeance.com\/en\/wp-json\/wp\/v2\/pages\/1971","targetHints":{"allow":["GET"]}}],"collection":[{"href":"https:\/\/akeance.com\/en\/wp-json\/wp\/v2\/pages"}],"about":[{"href":"https:\/\/akeance.com\/en\/wp-json\/wp\/v2\/types\/page"}],"author":[{"embeddable":true,"href":"https:\/\/akeance.com\/en\/wp-json\/wp\/v2\/users\/11"}],"replies":[{"embeddable":true,"href":"https:\/\/akeance.com\/en\/wp-json\/wp\/v2\/comments?post=1971"}],"version-history":[{"count":0,"href":"https:\/\/akeance.com\/en\/wp-json\/wp\/v2\/pages\/1971\/revisions"}],"up":[{"embeddable":true,"href":"https:\/\/akeance.com\/en\/wp-json\/wp\/v2\/pages\/1945"}],"wp:attachment":[{"href":"https:\/\/akeance.com\/en\/wp-json\/wp\/v2\/media?parent=1971"}],"curies":[{"name":"wp","href":"https:\/\/api.w.org\/{rel}","templated":true}]}}