{"id":1861,"date":"2024-01-18T17:50:56","date_gmt":"2024-01-18T16:50:56","guid":{"rendered":"https:\/\/akeance.com\/?page_id=1861"},"modified":"2026-01-09T12:31:00","modified_gmt":"2026-01-09T11:31:00","slug":"the-partners-and-the-team","status":"publish","type":"page","link":"https:\/\/akeance.com\/en\/akeance-in-two-words\/the-partners-and-the-team\/","title":{"rendered":"The partners"},"content":{"rendered":"\t\t<div data-elementor-type=\"wp-page\" data-elementor-id=\"1861\" class=\"elementor elementor-1861 elementor-148\" data-elementor-post-type=\"page\">\n\t\t\t\t<div class=\"elementor-element elementor-element-a286755 e-flex e-con-boxed e-con e-parent\" data-id=\"a286755\" data-element_type=\"container\" data-e-type=\"container\">\n\t\t\t\t\t<div class=\"e-con-inner\">\n\t\t<div class=\"elementor-element elementor-element-f0a3840 e-con-full e-flex e-con e-child\" data-id=\"f0a3840\" data-element_type=\"container\" data-e-type=\"container\">\n\t\t\t\t<div class=\"elementor-element elementor-element-5a7f36d elementor-widget elementor-widget-heading\" data-id=\"5a7f36d\" data-element_type=\"widget\" data-e-type=\"widget\" data-widget_type=\"heading.default\">\n\t\t\t\t\t<h2 class=\"elementor-heading-title elementor-size-default\">The partners<\/h2>\t\t\t\t<\/div>\n\t\t\t\t<div class=\"elementor-element elementor-element-e18d5be elementor-widget elementor-widget-text-editor\" data-id=\"e18d5be\" data-element_type=\"widget\" data-e-type=\"widget\" data-widget_type=\"text-editor.default\">\n\t\t\t\t\t\t\t\t\t<p>Notre cabinet de conseil en strat\u00e9gie op\u00e9rationnelle compte une quarantaine de collaborateurs, autour de 3 associ\u00e9s.<\/p>\t\t\t\t\t\t\t\t<\/div>\n\t\t\t\t<div class=\"elementor-element elementor-element-5b94db1 elementor-widget elementor-widget-awsm-team\" data-id=\"5b94db1\" data-element_type=\"widget\" data-e-type=\"widget\" data-widget_type=\"awsm-team.default\">\n\t\t\t\t<div class=\"elementor-widget-container\">\n\t\t\t\t\t<div id=\"awsm-team-232\" class=\"awsm-grid-wrapper\">\n\t\t\n\t<div class=\"awsm-modal\">\n\t\t\t<div class=\"awsm-grid-modal awsm-grid slide-ins-style style-1 grid-4-col \">\n\t\t\t\t\t\t<div id=\"awsm-member-232-75904\" class=\"awsm-grid-card awsm-team-item awsm-scale-anm awsm-all\">\n\t\t\t\t\t<span class=\"awsm-team-link-control awsm-modal-trigger awsm-modal-trigger-75904\" data-trigger=\"#slide-ins-232-75904\">\n\t\t\t\t\t\t<figure>\n\t\t\t\t\t\t\t\t<img fetchpriority=\"high\" decoding=\"async\" width=\"500\" height=\"500\" src=\"https:\/\/akeance.com\/wp-content\/uploads\/2021\/01\/Je\u0301re\u0301my-Fichaux-1-500x500.jpg\" class=\"attachment-awsm_team size-awsm_team wp-post-image\" alt=\"\" \/>\t\t\t\t\t\t\t\t<figcaption>\n\t\t\t\t\t\t\t\t\t<div class=\"awsm-personal-info\"><span>Partner<\/span><h3>J\u00e9r\u00e9my Fichaux<\/h3><\/div>\t\t\t\t\t\t\t\t<\/figcaption>\n\t\t\t\t\t\t<\/figure>\n\t\t\t\t\t<\/span>\n\t\t\t\t<\/div>\n\t\t\t\t\t\t\t<div id=\"awsm-member-232-75902\" class=\"awsm-grid-card awsm-team-item awsm-scale-anm awsm-all\">\n\t\t\t\t\t<span class=\"awsm-team-link-control awsm-modal-trigger awsm-modal-trigger-75902\" data-trigger=\"#slide-ins-232-75902\">\n\t\t\t\t\t\t<figure>\n\t\t\t\t\t\t\t\t<img decoding=\"async\" width=\"500\" height=\"500\" src=\"https:\/\/akeance.com\/wp-content\/uploads\/2021\/01\/Frank-Privat-500x500.jpg\" class=\"attachment-awsm_team size-awsm_team wp-post-image\" alt=\"\" \/>\t\t\t\t\t\t\t\t<figcaption>\n\t\t\t\t\t\t\t\t\t<div class=\"awsm-personal-info\"><span>Partner<\/span><h3>Frank Privat<\/h3><\/div>\t\t\t\t\t\t\t\t<\/figcaption>\n\t\t\t\t\t\t<\/figure>\n\t\t\t\t\t<\/span>\n\t\t\t\t<\/div>\n\t\t\t\t\t\t\t<div id=\"awsm-member-232-75592\" class=\"awsm-grid-card awsm-team-item awsm-scale-anm awsm-all\">\n\t\t\t\t\t<span class=\"awsm-team-link-control awsm-modal-trigger awsm-modal-trigger-75592\" data-trigger=\"#slide-ins-232-75592\">\n\t\t\t\t\t\t<figure>\n\t\t\t\t\t\t\t\t<img decoding=\"async\" width=\"500\" height=\"500\" src=\"https:\/\/akeance.com\/wp-content\/uploads\/2021\/01\/MM-500x500.jpg\" class=\"attachment-awsm_team size-awsm_team wp-post-image\" alt=\"\" \/>\t\t\t\t\t\t\t\t<figcaption>\n\t\t\t\t\t\t\t\t\t<div class=\"awsm-personal-info\"><span>Chief executive<\/span><h3>Michel Mondet<\/h3><\/div>\t\t\t\t\t\t\t\t<\/figcaption>\n\t\t\t\t\t\t<\/figure>\n\t\t\t\t\t<\/span>\n\t\t\t\t<\/div>\n\t\t\t\t\t<\/div>\n\t\t<div class=\"awsm-modal-items slide-ins-style style-1 grid-4-col \">\n\t\t\t<div class=\"awsm-modal-items-main\">\n\t\t\t\t\t<div class=\"awsm-modal-header clearfix\">\n\t\t\t\t\t\t<span class=\"awsm-team-link-control awsm-modal-close\"><\/span>\n\t\t\t\t\t\t<span class=\"awsm-modal-nav\">\n\t\t\t\t\t\t\t<span class=\"awsm-team-link-control awsm-nav-item awsm-nav-left\"><i class=\"awsm-icon-arrow-left\"><\/i><\/span>\n\t\t\t\t\t\t\t<span class=\"awsm-team-link-control awsm-nav-item awsm-nav-right\"><i class=\"awsm-icon-arrow-right\"><\/i><\/span>\n\t\t\t\t\t\t<\/span>\n\t\t\t\t\t<\/div>\n\t\t\t\t\t<div id=\"slide-ins-232-75904\" class=\"awsm-modal-item awsm-scale-anm awsm-all\" data-info=\"75904\">\n\t<div id=\"awsm-member-info-232-75904\" class=\"awsm-modal-content\">\n\t\t<div class=\"awsm-modal-content-main\">\n\t\t\t<div class=\"awsm-modal-image-main\">\n\t\t\t\t<img fetchpriority=\"high\" decoding=\"async\" width=\"500\" height=\"500\" src=\"https:\/\/akeance.com\/wp-content\/uploads\/2021\/01\/Je\u0301re\u0301my-Fichaux-1-500x500.jpg\" class=\"attachment-awsm_team size-awsm_team wp-post-image\" alt=\"\" \/>\t\t\t<\/div>\n\t\t\t<div class=\"awsm-modal-details\">\n\t\t\t\t<h3>Partner<\/h3><h2>J\u00e9r\u00e9my Fichaux<\/h2>\n<p><em>44 years old &#8211; ESEM &#8211; Laval University (Quebec)<\/em><\/p>\n\n<p><strong>His expertise:<br\/><\/strong>J\u00e9r\u00e9my has over 15 years&#8217; experience working with customers of all sizes. He has developed considerable expertise in the real estate industry. He works on behalf of real estate companies, investors, asset managers, property managers, developers and social landlords on high-stakes issues (strategy, organizational transformation, information system deployment).  <\/p>\n<div class=\"awsm-contact-details\"><p><span>What he likes about the job :<\/span>Gather all the required information to find solutions to the question asked.<br><br> Anticipate customer reactions and provide an answer before the question.<\/p><p><span>And when he&#039;s not at work :<\/span>He enjoys reading spy novels and thrillers. As soon as he can, he goes off to enjoy the salty air of the Baie de Somme. <\/p><p><span>His favorite aphorisms :<\/span>Pragmatism, common sense and experience rather than a method from the shelf.<br><br> Write, say and do things simply, without jargon<\/p><\/div><div class=\"awsm-social-icons\"><span><a href=\"\/contact\/?source=Contact%20via%20la%20fiche%20de%20Jeremy%20Fichaux\" target=\"_blank\"><i class=\"awsm-icon-mail\" aria-hidden=\"true\"><\/i><\/a><\/span><span><a href=\"https:\/\/fr.linkedin.com\/public-profile\/in\/j%C3%A9r%C3%A9my-fichaux-a38b70185?challengeId=AQFcZl7A1Bgi1QAAAXdt7R_HNIkdLSX5BZ9DoKvX72NstS4xbmMKonaQ3fMTjIClG4219Eu8hfmZlNhnECb1tosnGMHBmecHzA&#038;submissionId=f542925e-1799-6016-cef6-2ba9f9d80373\" target=\"_blank\"><i class=\"awsm-icon-linkedin\" aria-hidden=\"true\"><\/i><\/a><\/span><\/div>\t\t\t<\/div>\n\t\t<\/div>\n\t<\/div>\n<\/div>\n<div id=\"slide-ins-232-75902\" class=\"awsm-modal-item awsm-scale-anm awsm-all\" data-info=\"75902\">\n\t<div id=\"awsm-member-info-232-75902\" class=\"awsm-modal-content\">\n\t\t<div class=\"awsm-modal-content-main\">\n\t\t\t<div class=\"awsm-modal-image-main\">\n\t\t\t\t<img decoding=\"async\" width=\"500\" height=\"500\" src=\"https:\/\/akeance.com\/wp-content\/uploads\/2021\/01\/Frank-Privat-500x500.jpg\" class=\"attachment-awsm_team size-awsm_team wp-post-image\" alt=\"\" \/>\t\t\t<\/div>\n\t\t\t<div class=\"awsm-modal-details\">\n\t\t\t\t<h3>Partner<\/h3><h2>Frank Privat<\/h2>\n<p><em>Age 49 &#8211; DESS in Accounting and Financial Auditing, Universit\u00e9 Paris-Dauphine<\/em><\/p>\n\n<p><strong>His expertise:<\/strong><br\/>After starting his career in operations (in financial functions, notably at Geodis and Valeo), Frank joined Akeance Consulting in 2005, to develop financial and operational performance assignments in industry and services. Frank has led numerous financial diagnostic and tool selection missions for industrial and service customers. His preferred sectors are transport &amp; logistics, manufacturing and retail.  <\/p>\n<div class=\"awsm-contact-details\"><p><span>What he likes about the job :<\/span>Complex situations to simplify in order to gain efficiency and speed up time.<br><br> Don't be afraid of simple solutions and common sense.<\/p><p><span>And when he&#039;s not at work :<\/span>Sailing, travels, photos, drawings, paintings ... full of passions, ask when you meet him.<\/p><p><span>His favorite aphorisms :<\/span>There is hardly a detail that can be overlooked.<br><br> Rigor and precision are the components of a demanding nature. <\/p><\/div><div class=\"awsm-social-icons\"><span><a href=\"\/contact\/?source=Contact%20via%20la%20fiche%20de%20Franck%20Privat\" target=\"_blank\"><i class=\"awsm-icon-mail\" aria-hidden=\"true\"><\/i><\/a><\/span><span><a href=\"https:\/\/fr.linkedin.com\/in\/frankprivat\" target=\"_blank\"><i class=\"awsm-icon-linkedin\" aria-hidden=\"true\"><\/i><\/a><\/span><\/div>\t\t\t<\/div>\n\t\t<\/div>\n\t<\/div>\n<\/div>\n<div id=\"slide-ins-232-75592\" class=\"awsm-modal-item awsm-scale-anm awsm-all\" data-info=\"75592\">\n\t<div id=\"awsm-member-info-232-75592\" class=\"awsm-modal-content\">\n\t\t<div class=\"awsm-modal-content-main\">\n\t\t\t<div class=\"awsm-modal-image-main\">\n\t\t\t\t<img decoding=\"async\" width=\"500\" height=\"500\" src=\"https:\/\/akeance.com\/wp-content\/uploads\/2021\/01\/MM-500x500.jpg\" class=\"attachment-awsm_team size-awsm_team wp-post-image\" alt=\"\" \/>\t\t\t<\/div>\n\t\t\t<div class=\"awsm-modal-details\">\n\t\t\t\t<h3>Chief executive<\/h3><h2>Michel Mondet<\/h2>\n<p><em>62 years old \u2022 ESSEC<\/em><\/p>\n\n<p><strong>Son savoir-faire :<br\/><\/strong>Michel joined KPMG Peat Marwick in 1988, where he became a senior partner before founding Akeance Consulting in 2004. Before that, Michel was an investor in large institutions at the start of his professional life, then through the Aurinvest funds that he co-founded and co-directed. Finally, Michel co-founded over 10 years ago Bienpr\u00e9voir.fr, an online wealth management company.  <\/p>\n<div class=\"awsm-contact-details\"><p><span>What he likes about the job :<\/span>Conceptualize working methods and procedures.<br><br> A consultant who comes up with a bad idea: it's an opportunity to discuss!<\/p><p><span>And when he&#039;s not at work :<\/span>He enjoys going to mass in an Austrian Baroque church, is interested in religions in general and confesses two small passions for medieval illuminations and contemporary glass as an object of art.<\/p><p><span>His favorite aphorisms :<\/span>The error is human; the second is less.<br><br> Sadness does not mean serious.<\/p><\/div><div class=\"awsm-social-icons\"><span><a href=\"\/contact\/?source=Contact%20via%20la%20fiche%20de%20Michel%20Mondet\" target=\"_blank\"><i class=\"awsm-icon-mail\" aria-hidden=\"true\"><\/i><\/a><\/span><span><a href=\"https:\/\/fr.linkedin.com\/in\/michel-mondet-22370b3b\" target=\"_blank\"><i class=\"awsm-icon-linkedin\" aria-hidden=\"true\"><\/i><\/a><\/span><\/div>\t\t\t<\/div>\n\t\t<\/div>\n\t<\/div>\n<\/div>\n\n\t\t\t<\/div>\n\t\t<\/div>\n\t\t<\/div>\n<\/div>\n\t\t\t\t<\/div>\n\t\t\t\t<\/div>\n\t\t\t\t<\/div>\n\t\t<div class=\"elementor-element elementor-element-660b56a e-con-full e-flex e-con e-child\" data-id=\"660b56a\" data-element_type=\"container\" data-e-type=\"container\">\n\t\t\t\t<div class=\"elementor-element elementor-element-b52dd7a elementor-widget-divider--view-line elementor-widget elementor-widget-divider\" data-id=\"b52dd7a\" data-element_type=\"widget\" data-e-type=\"widget\" data-widget_type=\"divider.default\">\n\t\t\t\t\t\t\t<div class=\"elementor-divider\">\n\t\t\t<span class=\"elementor-divider-separator\">\n\t\t\t\t\t\t<\/span>\n\t\t<\/div>\n\t\t\t\t\t\t<\/div>\n\t\t\t\t<\/div>\n\t\t<div class=\"elementor-element elementor-element-ba793cd e-con-full e-flex e-con e-child\" data-id=\"ba793cd\" data-element_type=\"container\" data-e-type=\"container\">\n\t\t<div class=\"elementor-element elementor-element-6cfde0c e-con-full e-flex e-con e-child\" data-id=\"6cfde0c\" data-element_type=\"container\" data-e-type=\"container\">\n\t\t\t\t<div class=\"elementor-element elementor-element-8d68398 elementor-widget elementor-widget-video\" data-id=\"8d68398\" data-element_type=\"widget\" data-e-type=\"widget\" data-settings=\"{&quot;video_type&quot;:&quot;vimeo&quot;,&quot;yt_privacy&quot;:&quot;yes&quot;}\" data-widget_type=\"video.default\">\n\t\t\t\t\t\t\t<div class=\"elementor-wrapper elementor-open-inline\">\n\t\t\t<iframe class=\"elementor-video-iframe\" allowfullscreen allow=\"clipboard-write\" title=\"vimeo Video Player\" src=\"https:\/\/player.vimeo.com\/video\/1132225577?color&amp;autopause=0&amp;dnt=true&amp;loop=0&amp;muted=0&amp;title=0&amp;portrait=0&amp;byline=0#t=\"><\/iframe>\t\t<\/div>\n\t\t\t\t\t\t<\/div>\n\t\t\t\t<\/div>\n\t\t<div class=\"elementor-element elementor-element-c01a402 e-con-full e-flex e-con e-child\" data-id=\"c01a402\" data-element_type=\"container\" data-e-type=\"container\">\n\t\t\t\t<div class=\"elementor-element elementor-element-64e9999 elementor-widget elementor-widget-heading\" data-id=\"64e9999\" data-element_type=\"widget\" data-e-type=\"widget\" data-widget_type=\"heading.default\">\n\t\t\t\t\t<h2 class=\"elementor-heading-title elementor-size-default\">Our team of consultants<\/h2>\t\t\t\t<\/div>\n\t\t\t\t<div class=\"elementor-element elementor-element-9f6601a elementor-widget elementor-widget-text-editor\" data-id=\"9f6601a\" data-element_type=\"widget\" data-e-type=\"widget\" data-widget_type=\"text-editor.default\">\n\t\t\t\t\t\t\t\t\t<p>One of the strong assets of Akeance Consulting lies in the <a href=\"https:\/\/akeance.com\/en\/join-the-team\/\">multiple origins of its consultants<\/a>. In fact, most of our sixty consultants have a background in corporate companies prior to joining Akeance Consulting. Others started their professional lives as consultants. Finally, our civic commitment involves hiring a few beginners whom we train specifically.<\/p><p>No specific school diploma is over-represented on the team.<\/p><p>The average age is 32 years old, which, compared to the sector, shows the real seniority of the teams.<\/p><p>The \u201cmale \/ female\u201d parity is unbalanced in favor of men. Indeed, the parity itself of the CVs received is in favor of the men. <\/p><p>Turnover, with an average of 10 to 15%, is positive with regard to the sector of activity.<\/p><p>Each person&#8217;s path to <a href=\"https:\/\/akeance.com\/en\/join-the-team\/#developpement\">growth<\/a> is unique to them, within a very open body of management rules. The spirit of individual responsibility and collegiality is strong; it reminds everyone of the pleasure and satisfaction of curiosity and mutual assistance.<\/p>\t\t\t\t\t\t\t\t<\/div>\n\t\t\t\t<\/div>\n\t\t\t\t<\/div>\n\t\t\t\t\t<\/div>\n\t\t\t\t<\/div>\n\t\t\t\t<\/div>\n\t\t","protected":false},"excerpt":{"rendered":"<p>The partners Notre cabinet de conseil en strat\u00e9gie op\u00e9rationnelle compte une quarantaine de collaborateurs, autour de 3 associ\u00e9s. Associ\u00e9 J\u00e9r\u00e9my Fichaux Associ\u00e9 Frank Privat Pr\u00e9sident Michel Mondet Associ\u00e9 J\u00e9r\u00e9my Fichaux 44 ans \u2022 ESEM \u2022 Universit\u00e9 Laval (Qu\u00e9bec) Son savoir-faire :J\u00e9r\u00e9my dispose de plus de 15 ans d\u2019exp\u00e9rience qu\u2019il met \u00e0 profit de clients de [&hellip;]<\/p>\n","protected":false},"author":11,"featured_media":0,"parent":1930,"menu_order":0,"comment_status":"closed","ping_status":"closed","template":"","meta":{"inline_featured_image":false,"footnotes":""},"class_list":["post-1861","page","type-page","status-publish","hentry"],"yoast_head":"<!-- This site is optimized with the Yoast SEO Premium plugin v27.2 (Yoast SEO v27.3) - https:\/\/yoast.com\/product\/yoast-seo-premium-wordpress\/ -->\n<title>Our consulting company | Akeance consulting<\/title>\n<meta name=\"description\" content=\"Akeance Consulting est compos\u00e9 d&#039;une \u00e9quipe d&#039;une quarantaine de consultants aux origines multiples, tous salari\u00e9s du cabinet\" \/>\n<meta name=\"robots\" content=\"index, follow, max-snippet:-1, max-image-preview:large, max-video-preview:-1\" \/>\n<link rel=\"canonical\" href=\"https:\/\/akeance.com\/en\/akeance-in-two-words\/the-partners-and-the-team\/\" \/>\n<meta property=\"og:locale\" content=\"en_US\" \/>\n<meta property=\"og:type\" content=\"article\" \/>\n<meta property=\"og:title\" content=\"Our consulting company | Akeance consulting\" \/>\n<meta property=\"og:description\" content=\"Akeance Consulting is a consulting company led by 8 partners who managed a team of about 60 consultants across 7 sectors.\" \/>\n<meta property=\"og:url\" content=\"https:\/\/akeance.com\/en\/akeance-in-two-words\/the-partners-and-the-team\/\" \/>\n<meta property=\"og:site_name\" content=\"Akeance Consulting\" \/>\n<meta property=\"article:modified_time\" content=\"2026-01-09T11:31:00+00:00\" \/>\n<meta property=\"og:image\" content=\"https:\/\/akeance.com\/wp-content\/uploads\/2021\/01\/Frank-Privat-500x500.jpg\" \/>\n<meta name=\"twitter:card\" content=\"summary_large_image\" \/>\n<meta name=\"twitter:title\" content=\"Our consulting company | Akeance consulting\" \/>\n<meta name=\"twitter:description\" content=\"Akeance Consulting is a consulting company led by 8 partners who managed a team of about 60 consultants across 7 sectors.\" \/>\n<meta name=\"twitter:site\" content=\"@Akeance\" \/>\n<script type=\"application\/ld+json\" class=\"yoast-schema-graph\">{\"@context\":\"https:\\\/\\\/schema.org\",\"@graph\":[{\"@type\":\"WebPage\",\"@id\":\"https:\\\/\\\/akeance.com\\\/en\\\/akeance-in-two-words\\\/the-partners-and-the-team\\\/\",\"url\":\"https:\\\/\\\/akeance.com\\\/en\\\/akeance-in-two-words\\\/the-partners-and-the-team\\\/\",\"name\":\"Our consulting company | Akeance consulting\",\"isPartOf\":{\"@id\":\"https:\\\/\\\/akeance.com\\\/en\\\/#website\"},\"primaryImageOfPage\":{\"@id\":\"https:\\\/\\\/akeance.com\\\/en\\\/akeance-in-two-words\\\/the-partners-and-the-team\\\/#primaryimage\"},\"image\":{\"@id\":\"https:\\\/\\\/akeance.com\\\/en\\\/akeance-in-two-words\\\/the-partners-and-the-team\\\/#primaryimage\"},\"thumbnailUrl\":\"https:\\\/\\\/akeance.com\\\/wp-content\\\/uploads\\\/2021\\\/01\\\/Frank-Privat-500x500.jpg\",\"datePublished\":\"2024-01-18T16:50:56+00:00\",\"dateModified\":\"2026-01-09T11:31:00+00:00\",\"description\":\"Akeance Consulting est compos\u00e9 d'une \u00e9quipe d'une quarantaine de consultants aux origines multiples, tous salari\u00e9s du cabinet\",\"breadcrumb\":{\"@id\":\"https:\\\/\\\/akeance.com\\\/en\\\/akeance-in-two-words\\\/the-partners-and-the-team\\\/#breadcrumb\"},\"inLanguage\":\"en-US\",\"potentialAction\":[{\"@type\":\"ReadAction\",\"target\":[\"https:\\\/\\\/akeance.com\\\/en\\\/akeance-in-two-words\\\/the-partners-and-the-team\\\/\"]}]},{\"@type\":\"ImageObject\",\"inLanguage\":\"en-US\",\"@id\":\"https:\\\/\\\/akeance.com\\\/en\\\/akeance-in-two-words\\\/the-partners-and-the-team\\\/#primaryimage\",\"url\":\"https:\\\/\\\/akeance.com\\\/wp-content\\\/uploads\\\/2021\\\/01\\\/Frank-Privat-500x500.jpg\",\"contentUrl\":\"https:\\\/\\\/akeance.com\\\/wp-content\\\/uploads\\\/2021\\\/01\\\/Frank-Privat-500x500.jpg\"},{\"@type\":\"BreadcrumbList\",\"@id\":\"https:\\\/\\\/akeance.com\\\/en\\\/akeance-in-two-words\\\/the-partners-and-the-team\\\/#breadcrumb\",\"itemListElement\":[{\"@type\":\"ListItem\",\"position\":1,\"name\":\"Accueil\",\"item\":\"https:\\\/\\\/akeance.com\\\/en\\\/home-english\\\/\"},{\"@type\":\"ListItem\",\"position\":2,\"name\":\"Akeance in two words\",\"item\":\"https:\\\/\\\/akeance.com\\\/en\\\/akeance-in-two-words\\\/\"},{\"@type\":\"ListItem\",\"position\":3,\"name\":\"The partners\"}]},{\"@type\":\"WebSite\",\"@id\":\"https:\\\/\\\/akeance.com\\\/en\\\/#website\",\"url\":\"https:\\\/\\\/akeance.com\\\/en\\\/\",\"name\":\"Akeance Consulting\",\"description\":\"Cabinet de conseil en strat\u00e9gie op\u00e9rationnelle\",\"publisher\":{\"@id\":\"https:\\\/\\\/akeance.com\\\/en\\\/#organization\"},\"potentialAction\":[{\"@type\":\"SearchAction\",\"target\":{\"@type\":\"EntryPoint\",\"urlTemplate\":\"https:\\\/\\\/akeance.com\\\/en\\\/?s={search_term_string}\"},\"query-input\":{\"@type\":\"PropertyValueSpecification\",\"valueRequired\":true,\"valueName\":\"search_term_string\"}}],\"inLanguage\":\"en-US\"},{\"@type\":\"Organization\",\"@id\":\"https:\\\/\\\/akeance.com\\\/en\\\/#organization\",\"name\":\"Akeance consulting\",\"url\":\"https:\\\/\\\/akeance.com\\\/en\\\/\",\"logo\":{\"@type\":\"ImageObject\",\"inLanguage\":\"en-US\",\"@id\":\"https:\\\/\\\/akeance.com\\\/en\\\/#\\\/schema\\\/logo\\\/image\\\/\",\"url\":\"https:\\\/\\\/akeance.com\\\/wp-content\\\/uploads\\\/2020\\\/12\\\/akeance-logo.png\",\"contentUrl\":\"https:\\\/\\\/akeance.com\\\/wp-content\\\/uploads\\\/2020\\\/12\\\/akeance-logo.png\",\"width\":200,\"height\":49,\"caption\":\"Akeance consulting\"},\"image\":{\"@id\":\"https:\\\/\\\/akeance.com\\\/en\\\/#\\\/schema\\\/logo\\\/image\\\/\"},\"sameAs\":[\"https:\\\/\\\/x.com\\\/Akeance\"],\"numberOfEmployees\":{\"@type\":\"QuantitativeValue\",\"minValue\":\"11\",\"maxValue\":\"50\"}}]}<\/script>\n<!-- \/ Yoast SEO Premium plugin. -->","yoast_head_json":{"title":"Our consulting company | Akeance consulting","description":"Akeance Consulting est compos\u00e9 d'une \u00e9quipe d'une quarantaine de consultants aux origines multiples, tous salari\u00e9s du cabinet","robots":{"index":"index","follow":"follow","max-snippet":"max-snippet:-1","max-image-preview":"max-image-preview:large","max-video-preview":"max-video-preview:-1"},"canonical":"https:\/\/akeance.com\/en\/akeance-in-two-words\/the-partners-and-the-team\/","og_locale":"en_US","og_type":"article","og_title":"Our consulting company | Akeance consulting","og_description":"Akeance Consulting is a consulting company led by 8 partners who managed a team of about 60 consultants across 7 sectors.","og_url":"https:\/\/akeance.com\/en\/akeance-in-two-words\/the-partners-and-the-team\/","og_site_name":"Akeance Consulting","article_modified_time":"2026-01-09T11:31:00+00:00","og_image":[{"url":"https:\/\/akeance.com\/wp-content\/uploads\/2021\/01\/Frank-Privat-500x500.jpg","type":"","width":"","height":""}],"twitter_card":"summary_large_image","twitter_title":"Our consulting company | Akeance consulting","twitter_description":"Akeance Consulting is a consulting company led by 8 partners who managed a team of about 60 consultants across 7 sectors.","twitter_site":"@Akeance","schema":{"@context":"https:\/\/schema.org","@graph":[{"@type":"WebPage","@id":"https:\/\/akeance.com\/en\/akeance-in-two-words\/the-partners-and-the-team\/","url":"https:\/\/akeance.com\/en\/akeance-in-two-words\/the-partners-and-the-team\/","name":"Our consulting company | Akeance consulting","isPartOf":{"@id":"https:\/\/akeance.com\/en\/#website"},"primaryImageOfPage":{"@id":"https:\/\/akeance.com\/en\/akeance-in-two-words\/the-partners-and-the-team\/#primaryimage"},"image":{"@id":"https:\/\/akeance.com\/en\/akeance-in-two-words\/the-partners-and-the-team\/#primaryimage"},"thumbnailUrl":"https:\/\/akeance.com\/wp-content\/uploads\/2021\/01\/Frank-Privat-500x500.jpg","datePublished":"2024-01-18T16:50:56+00:00","dateModified":"2026-01-09T11:31:00+00:00","description":"Akeance Consulting est compos\u00e9 d'une \u00e9quipe d'une quarantaine de consultants aux origines multiples, tous salari\u00e9s du cabinet","breadcrumb":{"@id":"https:\/\/akeance.com\/en\/akeance-in-two-words\/the-partners-and-the-team\/#breadcrumb"},"inLanguage":"en-US","potentialAction":[{"@type":"ReadAction","target":["https:\/\/akeance.com\/en\/akeance-in-two-words\/the-partners-and-the-team\/"]}]},{"@type":"ImageObject","inLanguage":"en-US","@id":"https:\/\/akeance.com\/en\/akeance-in-two-words\/the-partners-and-the-team\/#primaryimage","url":"https:\/\/akeance.com\/wp-content\/uploads\/2021\/01\/Frank-Privat-500x500.jpg","contentUrl":"https:\/\/akeance.com\/wp-content\/uploads\/2021\/01\/Frank-Privat-500x500.jpg"},{"@type":"BreadcrumbList","@id":"https:\/\/akeance.com\/en\/akeance-in-two-words\/the-partners-and-the-team\/#breadcrumb","itemListElement":[{"@type":"ListItem","position":1,"name":"Accueil","item":"https:\/\/akeance.com\/en\/home-english\/"},{"@type":"ListItem","position":2,"name":"Akeance in two words","item":"https:\/\/akeance.com\/en\/akeance-in-two-words\/"},{"@type":"ListItem","position":3,"name":"The partners"}]},{"@type":"WebSite","@id":"https:\/\/akeance.com\/en\/#website","url":"https:\/\/akeance.com\/en\/","name":"Akeance Consulting","description":"Cabinet de conseil en strat\u00e9gie op\u00e9rationnelle","publisher":{"@id":"https:\/\/akeance.com\/en\/#organization"},"potentialAction":[{"@type":"SearchAction","target":{"@type":"EntryPoint","urlTemplate":"https:\/\/akeance.com\/en\/?s={search_term_string}"},"query-input":{"@type":"PropertyValueSpecification","valueRequired":true,"valueName":"search_term_string"}}],"inLanguage":"en-US"},{"@type":"Organization","@id":"https:\/\/akeance.com\/en\/#organization","name":"Akeance consulting","url":"https:\/\/akeance.com\/en\/","logo":{"@type":"ImageObject","inLanguage":"en-US","@id":"https:\/\/akeance.com\/en\/#\/schema\/logo\/image\/","url":"https:\/\/akeance.com\/wp-content\/uploads\/2020\/12\/akeance-logo.png","contentUrl":"https:\/\/akeance.com\/wp-content\/uploads\/2020\/12\/akeance-logo.png","width":200,"height":49,"caption":"Akeance consulting"},"image":{"@id":"https:\/\/akeance.com\/en\/#\/schema\/logo\/image\/"},"sameAs":["https:\/\/x.com\/Akeance"],"numberOfEmployees":{"@type":"QuantitativeValue","minValue":"11","maxValue":"50"}}]}},"meta_box":{"text_header":"Our consulting company"},"_links":{"self":[{"href":"https:\/\/akeance.com\/en\/wp-json\/wp\/v2\/pages\/1861","targetHints":{"allow":["GET"]}}],"collection":[{"href":"https:\/\/akeance.com\/en\/wp-json\/wp\/v2\/pages"}],"about":[{"href":"https:\/\/akeance.com\/en\/wp-json\/wp\/v2\/types\/page"}],"author":[{"embeddable":true,"href":"https:\/\/akeance.com\/en\/wp-json\/wp\/v2\/users\/11"}],"replies":[{"embeddable":true,"href":"https:\/\/akeance.com\/en\/wp-json\/wp\/v2\/comments?post=1861"}],"version-history":[{"count":0,"href":"https:\/\/akeance.com\/en\/wp-json\/wp\/v2\/pages\/1861\/revisions"}],"up":[{"embeddable":true,"href":"https:\/\/akeance.com\/en\/wp-json\/wp\/v2\/pages\/1930"}],"wp:attachment":[{"href":"https:\/\/akeance.com\/en\/wp-json\/wp\/v2\/media?parent=1861"}],"curies":[{"name":"wp","href":"https:\/\/api.w.org\/{rel}","templated":true}]}}